{"id":3,"date":"2019-11-04T09:44:13","date_gmt":"2019-11-04T08:44:13","guid":{"rendered":"http:\/\/weigand-buecher.de\/?page_id=3"},"modified":"2019-11-04T17:43:42","modified_gmt":"2019-11-04T16:43:42","slug":"datenschutzerklaerung","status":"publish","type":"page","link":"https:\/\/weigand-buecher.de\/index.php\/datenschutzerklaerung\/","title":{"rendered":"Datenschutzerkl\u00e4rung"},"content":{"rendered":"\n<h2>Wer wir sind<\/h2>\n\n\n\n<p>Die Adresse unserer Website ist: http:\/\/weigand-buecher.de.<\/p>\n\n\n\n<h2>Welche personenbezogenen Daten wir sammeln und warum wir sie sammeln<\/h2>\n\n\n\n<p> Der einzige Umstand, bei dem ich zu Daten gelange, ist, wenn  Interessierte oder auch Abnehmer von B\u00fcchern eine Mail schicken &#8211; um  eine Frage zu stellen oder z.B. ein Buch zu bestellen. So gelange ich zu  den entsprechenden e-mail-Adressen bzw. Anschriften, denn wenn man ein  Buch schickt, muss man ja wissen, wohin.<br><br> Sonst wird hier gar nichts mit mit irgendwelchen Daten gemacht,  jedenfalls nicht von meiner Seite. Ob und in welcher Weise  Onlineanbieter wie z.B. Google oder auch der Bereitsteller des  Content-Systems dieser Seite oder auch staatliche Stellen oder  Geheimdienste der verschiedensten M\u00e4chte auf die Seite schauen und sich  ganz genau merken, wer wann wo was gemacht hat, kann ich nicht  beurteilen, denn die sagen das nicht. Mit anderen Worten, ich  \u00fcbernehme keine Gew\u00e4hr f\u00fcr Umst\u00e4nde, von denen ich nichts wei\u00df und auf  die ich keinen Einfluss habe. <\/p>\n\n\n\n<h3>Kommentare<\/h3>\n\n\n\n<p>Keine Kommentare.<\/p>\n\n\n\n<h3>Medien<\/h3>\n\n\n\n<p>Keine Medien hochladen.<\/p>\n\n\n\n<h3>Kontaktformulare<\/h3>\n\n\n\n<p>Keine Kontaktformulare.<\/p>\n\n\n\n<h3>Cookies<\/h3>\n\n\n\n<p>Keine Cookies.<\/p>\n\n\n\n<h3>Eingebettete Inhalte von anderen Websites<\/h3>\n\n\n\n<p>Beitr\u00e4ge auf dieser Website k\u00f6nnen eingebettete Inhalte beinhalten (z.&nbsp;B. Videos, Bilder, Beitr\u00e4ge etc.). Eingebettete Inhalte von anderen Websites verhalten sich exakt so, als ob der Besucher die andere Website besucht h\u00e4tte.<\/p>\n\n\n\n<p>Diese Websites sammelt keine Daten \u00fcber dich und benutzt keine Cookies.<\/p>\n\n\n\n<h2>Mit wem wir deine Daten teilen<\/h2>\n\n\n\n<p>Mit niemanden.<\/p>\n\n\n\n<h2>Wie lange wir deine Daten speichern<\/h2>\n\n\n\n<p>siehe oben.<\/p>\n\n\n\n<h2>Wohin wir deine Daten senden<\/h2>\n\n\n\n<p>Nirgendwohin.<\/p>\n\n\n\n<h3>Wie wir deine Daten sch\u00fctzen<\/h3>\n\n\n\n<p>wir erheben kein Daten, deshalb brauchen wir sie nicht zu sch\u00fctzen.<\/p>\n\n\n\n<h3>Welche Ma\u00dfnahmen wir bei Datenschutzverletzungen anbieten<\/h3>\n\n\n\n<p>keine, da der Datenschutz nicht verletzt wird<\/p>\n\n\n\n<h3>Von welchen Drittanbietern wir Daten erhalten<\/h3>\n\n\n\n<p>von niemanden<\/p>\n\n\n\n<h3>Welche automatisierte Entscheidungsfindung und\/oder Profilerstellung wir mit Benutzerdaten durchf\u00fchren<\/h3>\n\n\n\n<p>keine<\/p>\n\n\n\n<h3><\/h3>\n","protected":false},"excerpt":{"rendered":"<p>Wer wir sind Die Adresse unserer Website ist: http:\/\/weigand-buecher.de. Welche personenbezogenen Daten wir sammeln und warum wir sie sammeln Der einzige Umstand, bei dem ich zu Daten gelange, ist, wenn Interessierte oder auch Abnehmer von B\u00fcchern eine Mail schicken &#8211; um eine Frage zu stellen oder z.B. ein Buch zu bestellen. So gelange ich zu [&hellip;]<\/p>\n","protected":false},"author":1,"featured_media":0,"parent":0,"menu_order":0,"comment_status":"closed","ping_status":"open","template":"","meta":[],"_links":{"self":[{"href":"https:\/\/weigand-buecher.de\/index.php\/wp-json\/wp\/v2\/pages\/3"}],"collection":[{"href":"https:\/\/weigand-buecher.de\/index.php\/wp-json\/wp\/v2\/pages"}],"about":[{"href":"https:\/\/weigand-buecher.de\/index.php\/wp-json\/wp\/v2\/types\/page"}],"author":[{"embeddable":true,"href":"https:\/\/weigand-buecher.de\/index.php\/wp-json\/wp\/v2\/users\/1"}],"replies":[{"embeddable":true,"href":"https:\/\/weigand-buecher.de\/index.php\/wp-json\/wp\/v2\/comments?post=3"}],"version-history":[{"count":1,"href":"https:\/\/weigand-buecher.de\/index.php\/wp-json\/wp\/v2\/pages\/3\/revisions"}],"predecessor-version":[{"id":63,"href":"https:\/\/weigand-buecher.de\/index.php\/wp-json\/wp\/v2\/pages\/3\/revisions\/63"}],"wp:attachment":[{"href":"https:\/\/weigand-buecher.de\/index.php\/wp-json\/wp\/v2\/media?parent=3"}],"curies":[{"name":"wp","href":"https:\/\/api.w.org\/{rel}","templated":true}]}}